{"id":14,"date":"2024-12-16T23:33:10","date_gmt":"2024-12-16T23:33:10","guid":{"rendered":"https:\/\/metooschools.com\/?page_id=14"},"modified":"2025-07-13T21:53:01","modified_gmt":"2025-07-13T21:53:01","slug":"science-and-resources","status":"publish","type":"page","link":"https:\/\/metooschools.com\/index.php\/science-and-resources\/","title":{"rendered":"Science and Resources"},"content":{"rendered":"\n<div class=\"wp-block-cover\" style=\"min-height:256px;aspect-ratio:unset;\"><span aria-hidden=\"true\" class=\"wp-block-cover__background has-background-dim-70 has-background-dim\"><\/span><img loading=\"lazy\" decoding=\"async\" width=\"1024\" height=\"482\" class=\"wp-block-cover__image-background wp-image-120\" alt=\"\" src=\"https:\/\/metooschools.com\/wp-content\/uploads\/2025\/03\/Captura-de-pantalla-2025-03-26-a-las-16.20.12-1024x482.png\" data-object-fit=\"cover\" srcset=\"https:\/\/metooschools.com\/wp-content\/uploads\/2025\/03\/Captura-de-pantalla-2025-03-26-a-las-16.20.12-1024x482.png 1024w, https:\/\/metooschools.com\/wp-content\/uploads\/2025\/03\/Captura-de-pantalla-2025-03-26-a-las-16.20.12-300x141.png 300w, https:\/\/metooschools.com\/wp-content\/uploads\/2025\/03\/Captura-de-pantalla-2025-03-26-a-las-16.20.12-768x361.png 768w, https:\/\/metooschools.com\/wp-content\/uploads\/2025\/03\/Captura-de-pantalla-2025-03-26-a-las-16.20.12-1536x723.png 1536w, https:\/\/metooschools.com\/wp-content\/uploads\/2025\/03\/Captura-de-pantalla-2025-03-26-a-las-16.20.12.png 1756w\" sizes=\"auto, (max-width: 1024px) 100vw, 1024px\" \/><div class=\"wp-block-cover__inner-container is-layout-flow wp-block-cover-is-layout-flow\">\n<p class=\"has-text-align-center has-white-color has-text-color has-link-color has-large-font-size wp-elements-fe6df83055476cb9422e9be69836fe9b\"><a href=\"https:\/\/www.mdpi.com\/3242456\" target=\"_blank\" rel=\"noreferrer noopener\">Scientific article about Me Too Schools<\/a><\/p>\n\n\n\n<p class=\"has-white-color has-text-color has-link-color wp-elements-3522eddef9ed9bdb46e14920ea0168ca\">Galar, A., Ca\u00f1averas, P., Pulido, C., L\u00f3pez de Aguileta, A., L\u00f3pez de Aguileta, G., &amp; Flecha, R. (2025). The healthy effects of MeToo schools: A qualitative analysis of six schools implementing the zero violence brave club. <em>Healthcare (Basel, Switzerland)<\/em>, <em>13<\/em>(7), 739. <a href=\"https:\/\/www.mdpi.com\/3242456\" target=\"_blank\" rel=\"noreferrer noopener\">https:\/\/doi.org\/10.3390\/healthcare13070739<\/a><\/p>\n<\/div><\/div>\n\n\n\n<div class=\"wp-block-media-text is-stacked-on-mobile\"><figure class=\"wp-block-media-text__media\"><img loading=\"lazy\" decoding=\"async\" width=\"1024\" height=\"768\" src=\"https:\/\/metooschools.com\/wp-content\/uploads\/2024\/12\/WhatsApp-Image-2024-11-27-at-13.41.17-1024x768.jpeg\" alt=\"\" class=\"wp-image-16 size-full\" srcset=\"https:\/\/metooschools.com\/wp-content\/uploads\/2024\/12\/WhatsApp-Image-2024-11-27-at-13.41.17-1024x768.jpeg 1024w, https:\/\/metooschools.com\/wp-content\/uploads\/2024\/12\/WhatsApp-Image-2024-11-27-at-13.41.17-300x225.jpeg 300w, https:\/\/metooschools.com\/wp-content\/uploads\/2024\/12\/WhatsApp-Image-2024-11-27-at-13.41.17-768x576.jpeg 768w, https:\/\/metooschools.com\/wp-content\/uploads\/2024\/12\/WhatsApp-Image-2024-11-27-at-13.41.17-1536x1152.jpeg 1536w, https:\/\/metooschools.com\/wp-content\/uploads\/2024\/12\/WhatsApp-Image-2024-11-27-at-13.41.17.jpeg 2048w\" sizes=\"auto, (max-width: 1024px) 100vw, 1024px\" \/><\/figure><div class=\"wp-block-media-text__content\">\n<p class=\"has-normal-font-size\">Radio Program L&#8217;Entrellat (Radio 4).<\/p>\n\n\n\n<p class=\"has-normal-font-size\">The first testimony on sexual harassment in schools from the minute -29:14 to -21:09 of this program.<\/p>\n\n\n\n<div class=\"wp-block-buttons is-layout-flex wp-block-buttons-is-layout-flex\">\n<div class=\"wp-block-button\"><a class=\"wp-block-button__link wp-element-button\" href=\"https:\/\/www.rtve.es\/play\/audios\/lentrellat\/lentrellat-8-cada-10-joves-diuen-haver-patit-situacions-violencia-masclista-digital\/16348721\/\" target=\"_blank\" rel=\"noreferrer noopener\">Listen here<\/a><\/div>\n<\/div>\n\n\n\n<div class=\"wp-block-buttons is-layout-flex wp-block-buttons-is-layout-flex\">\n<div class=\"wp-block-button\"><a class=\"wp-block-button__link wp-element-button\" href=\"https:\/\/metooschools.com\/index.php\/clarification-regarding-the-attacks-received-in-july-2025\/\">Clarification regarding the attacks received in July 2025<\/a><\/div>\n<\/div>\n<\/div><\/div>\n\n\n\n<p><strong>L&#8217;Entrella<\/strong>t<\/p>\n\n\n\n<p><strong>8 out of 10 young people say they have suffered situations of digital gender violence<\/strong><br>27\/11\/2024<\/p>\n\n\n\n<p>Transcription and translation of an excerpt from the program:<\/p>\n\n\n\n<p><strong>Samanta Villar:<\/strong> She is with us Ane Lopez, she is a researcher and professor at UB, who was a victim of digital gender violence. Good morning. And we are also joined by the Secretary General of the Department of Equality and Feminisms, also President of the Catalan Institute of Women, S\u00f2nia Guerra, very good morning. First of all, we want to know what is this digital violence, digital gender violence. Ane, you suffered it in the flesh, what was your case?<\/p>\n\n\n\n<p><strong>Ane L\u00f3pez de Aguileta: <\/strong>Well, my case, I would like it to be just one, but since I was 11 years old until I finished high school it was a continuous thing. So I can give examples, but one of the most serious that I suffered was when I was in the fourth year of ESO and they created a false account with my name on Twitter, which I did not have an account. Then what they did was to post messages saying that I had already shaved my hair in some way, that I was ready for sex, because it was something that they were pressuring me to do and I did not want to do what they were pressuring me to do, and then they posted this message saying: I am ready, you can come and get me.<\/p>\n\n\n\n<p><strong>S. V.: <\/strong>They impersonate you, let&#8217;s say, they open an account and from here on they expose you as if you were the one who was exposing yourself on the networks, inviting sexualized messages.<\/p>\n\n\n\n<p><strong>A. L. A.:<\/strong> Yes, exactly, that is what happened to me.<\/p>\n\n\n\n<p>S. V.: This is, you say, just one example? This was continued for how long?<\/p>\n\n\n\n<p><strong>A. L. A.: <\/strong>From the age of 11 until about the second year of high school. Because this is a fact, but me since I was 11 years old, already a classmate started to take pictures of our girls&#8217; locker room when we were changing and she shared them, she showed the pictures to the boys. I have 1000 episodes like this.<\/p>\n\n\n\n<p><strong>S. V.:<\/strong> What you are telling me until the second year of high school, what does this represent? 16 years old?<\/p>\n\n\n\n<p><strong>A. L. A.: <\/strong>No, 18.<\/p>\n\n\n\n<p><strong>S. V.: <\/strong>So that&#8217;s 7 years of your life in which you see yourself as a victim of this digital macho violence. Do you share it with anyone? Do you report it to anyone? Do you explain it to adults?<\/p>\n\n\n\n<p><strong>A. L. A.: <\/strong>No, I don&#8217;t, and no, I don&#8217;t share it with anyone. And it&#8217;s not that I debated between sharing it or not sharing it, it&#8217;s that it didn&#8217;t even cross my mind. Because the consequences of sharing this were very serious. There was an omert\u00e0, a law of silence, that if you said anything about this, as one of the most popular in high school, you would face reprisals. I didn&#8217;t do it and I didn&#8217;t even think about doing it. It was not a possibility.<\/p>\n\n\n\n<p><strong>S. V.: <\/strong>Of course, who receives all these messages that are posted on social networks?<\/p>\n\n\n\n<p><strong>A. L. A.: <\/strong>Well, the whole school. And I would like it to be my case, but it is something that most girls are suffering today, very young girls. Because I am explaining it to you today, but any girl from my high school or from any other high school could be there. It is a continuous thing, it was non-stop. Because you suffered physical harassment at school because they wanted me to do things I didn&#8217;t want to do, precisely sexual things, which they didn&#8217;t achieve, but then you went home and the pressure continued there in the networks.<\/p>\n\n\n\n<p><strong>S. V.:<\/strong> The teachers didn&#8217;t notice it at any time, none of this reached them in 7 years in high school?<\/p>\n\n\n\n<p><strong>A. L. A.: <\/strong>No, and it is true that this has a lot to do with the lies or hoaxes, as they say, about gender that my teachers and the families also had. Why? Because, if you look at it, when I was in 5th grade of primary school, which was when I was 11 years old, it was 2007 and at that time in Spain it was said that gender violence was within the partner or ex-partner. And this was what was thought because the women&#8217;s institutes, even the Spanish law, said this. This was what everyone thought, teachers and families. So they were afraid that we would fall in love or that we would have nice relationships, but the other kind of relationships they thought it was freedom. So, they interpreted it as if it was a freedom issue versus what they thought was violence, which were stable relationships or in some way, couple or ex-partner relationships.<\/p>\n\n\n\n<p><strong>S. V.: <\/strong>What consequences did this have for you, Ane?<\/p>\n\n\n\n<p><strong>A. L. A.: <\/strong>Well, very serious consequences. Also at the health level, because when I\u2026. I remember it perfectly, I even have the symptoms. That is to say\u2026<\/p>\n\n\n\n<p><strong>S. V.: <\/strong>You get nervous, anxious, it is still emotionally difficult because it is hard to overcome the psychological consequences of such a situation. I understand that nowadays you are no longer a victim, that this happened at school, but they mark you and it is hard.<\/p>\n\n\n\n<p><strong>A. L. A.: <\/strong>Yes, and I just remember when I was in the fourth year of ESO in bed, and a classmate sent me: \u201cAre you this account?\u201d and I automatically knew what was happening to me\u2026<\/p>\n\n\n\n<p><strong>S. V.: <\/strong>Do you want some water? Take it easy, breathe easy. We take full responsibility for how hard it must be to live a situation like this when you are also developing as a person. We are talking about from 11 to 17 years old. That&#8217;s why we also do programs like this one today, here at L&#8217;Entrellat, because one of the things you are explaining is that we didn&#8217;t even know that this was violence at that time. Among that many adults would think: \u201cbah, it&#8217;s just kids&#8217; stuff. This only happens on the cell phone.\u201d So, if it doesn&#8217;t happen in real life it seems like it&#8217;s not that important and no, and no. Actually the real world is in the digital platforms too, and this violence is happening and leaving us marked as we see it is still marking you, Ane, which is totally normal, so calm down. Breathe, drink water and explain only the one you feel like explaining, eh? No need to go through the pain again.<\/p>\n\n\n\n<p><strong>A. L. A.:<\/strong> No, no, and I really want to explain it because right now it is happening to her. Not some, I wish it was some. It&#8217;s general. Then I remember that I saw this, I was in bed, I was ready to go to sleep and I got up to vomit.<\/p>\n\n\n\n<p><strong>S. V.: <\/strong>From anxiety.<\/p>\n\n\n\n<p><strong>A. L. A.:<\/strong> Yes, and the next day I did not dare to go to school and I told my mother that I was sick.<\/p>\n\n\n\n<p><strong>S. V.:<\/strong> How important it is for parents to be aware of the social networks that our children use. How important it is to be witnesses of what is happening, that sometimes also from motherhood, fatherhood, you want to leave the privacy of the relationships that our children have to build, but we have to be present, for sure. Look, I throw this question to S\u00f2nia Guerra, Secretary General of the Department of Equality and Feminisms. What Ane is explaining, she says that it is not an isolated case, that this type of cases abound, is that so?<\/p>\n\n\n\n<p><strong>S\u00f2nia Guerra: <\/strong>Absolutely. In fact, statistics tell us that 8 out of 10 young people already say they have suffered situations of digital gender violence, which is a clear testimony that Ane has told us.<\/p>\n\n\n\n<p><\/p>\n","protected":false},"excerpt":{"rendered":"<p>L&#8217;Entrellat 8 out of 10 young people say they have suffered situations of digital gender violence27\/11\/2024 Transcription and translation of an excerpt from the program: Samanta Villar: She is with us Ane Lopez, she is a researcher and professor at UB, who was a victim of digital gender violence. Good morning. And we are also&#8230;<\/p>\n","protected":false},"author":1,"featured_media":0,"parent":0,"menu_order":0,"comment_status":"closed","ping_status":"closed","template":"page-full-width","meta":{"footnotes":""},"class_list":["post-14","page","type-page","status-publish","hentry"],"yoast_head":"<!-- This site is optimized with the Yoast SEO plugin v26.0 - https:\/\/yoast.com\/wordpress\/plugins\/seo\/ -->\n<title>Science and Resources - MeTooSchools<\/title>\n<meta name=\"robots\" content=\"index, follow, max-snippet:-1, max-image-preview:large, max-video-preview:-1\" \/>\n<link rel=\"canonical\" href=\"https:\/\/metooschools.com\/index.php\/science-and-resources\/\" \/>\n<meta property=\"og:locale\" content=\"en_US\" \/>\n<meta property=\"og:type\" content=\"article\" \/>\n<meta property=\"og:title\" content=\"Science and Resources - MeTooSchools\" \/>\n<meta property=\"og:description\" content=\"L&#8217;Entrellat 8 out of 10 young people say they have suffered situations of digital gender violence27\/11\/2024 Transcription and translation of an excerpt from the program: Samanta Villar: She is with us Ane Lopez, she is a researcher and professor at UB, who was a victim of digital gender violence. Good morning. And we are also...\" \/>\n<meta property=\"og:url\" content=\"https:\/\/metooschools.com\/index.php\/science-and-resources\/\" \/>\n<meta property=\"og:site_name\" content=\"MeTooSchools\" \/>\n<meta property=\"article:modified_time\" content=\"2025-07-13T21:53:01+00:00\" \/>\n<meta property=\"og:image\" content=\"https:\/\/metooschools.com\/wp-content\/uploads\/2025\/03\/Captura-de-pantalla-2025-03-26-a-las-16.20.12.png\" \/>\n\t<meta property=\"og:image:width\" content=\"1756\" \/>\n\t<meta property=\"og:image:height\" content=\"826\" \/>\n\t<meta property=\"og:image:type\" content=\"image\/png\" \/>\n<meta name=\"twitter:card\" content=\"summary_large_image\" \/>\n<meta name=\"twitter:label1\" content=\"Est. reading time\" \/>\n\t<meta name=\"twitter:data1\" content=\"7 minutes\" \/>\n<script type=\"application\/ld+json\" class=\"yoast-schema-graph\">{\"@context\":\"https:\/\/schema.org\",\"@graph\":[{\"@type\":\"WebPage\",\"@id\":\"https:\/\/metooschools.com\/index.php\/science-and-resources\/\",\"url\":\"https:\/\/metooschools.com\/index.php\/science-and-resources\/\",\"name\":\"Science and Resources - MeTooSchools\",\"isPartOf\":{\"@id\":\"https:\/\/metooschools.com\/#website\"},\"primaryImageOfPage\":{\"@id\":\"https:\/\/metooschools.com\/index.php\/science-and-resources\/#primaryimage\"},\"image\":{\"@id\":\"https:\/\/metooschools.com\/index.php\/science-and-resources\/#primaryimage\"},\"thumbnailUrl\":\"https:\/\/metooschools.com\/wp-content\/uploads\/2025\/03\/Captura-de-pantalla-2025-03-26-a-las-16.20.12-1024x482.png\",\"datePublished\":\"2024-12-16T23:33:10+00:00\",\"dateModified\":\"2025-07-13T21:53:01+00:00\",\"breadcrumb\":{\"@id\":\"https:\/\/metooschools.com\/index.php\/science-and-resources\/#breadcrumb\"},\"inLanguage\":\"en-US\",\"potentialAction\":[{\"@type\":\"ReadAction\",\"target\":[\"https:\/\/metooschools.com\/index.php\/science-and-resources\/\"]}]},{\"@type\":\"ImageObject\",\"inLanguage\":\"en-US\",\"@id\":\"https:\/\/metooschools.com\/index.php\/science-and-resources\/#primaryimage\",\"url\":\"https:\/\/metooschools.com\/wp-content\/uploads\/2025\/03\/Captura-de-pantalla-2025-03-26-a-las-16.20.12.png\",\"contentUrl\":\"https:\/\/metooschools.com\/wp-content\/uploads\/2025\/03\/Captura-de-pantalla-2025-03-26-a-las-16.20.12.png\",\"width\":1756,\"height\":826},{\"@type\":\"BreadcrumbList\",\"@id\":\"https:\/\/metooschools.com\/index.php\/science-and-resources\/#breadcrumb\",\"itemListElement\":[{\"@type\":\"ListItem\",\"position\":1,\"name\":\"Home\",\"item\":\"https:\/\/metooschools.com\/\"},{\"@type\":\"ListItem\",\"position\":2,\"name\":\"Science and Resources\"}]},{\"@type\":\"WebSite\",\"@id\":\"https:\/\/metooschools.com\/#website\",\"url\":\"https:\/\/metooschools.com\/\",\"name\":\"MeTooSchools\",\"description\":\"\",\"publisher\":{\"@id\":\"https:\/\/metooschools.com\/#organization\"},\"potentialAction\":[{\"@type\":\"SearchAction\",\"target\":{\"@type\":\"EntryPoint\",\"urlTemplate\":\"https:\/\/metooschools.com\/?s={search_term_string}\"},\"query-input\":{\"@type\":\"PropertyValueSpecification\",\"valueRequired\":true,\"valueName\":\"search_term_string\"}}],\"inLanguage\":\"en-US\"},{\"@type\":\"Organization\",\"@id\":\"https:\/\/metooschools.com\/#organization\",\"name\":\"MeTooSchools\",\"url\":\"https:\/\/metooschools.com\/\",\"logo\":{\"@type\":\"ImageObject\",\"inLanguage\":\"en-US\",\"@id\":\"https:\/\/metooschools.com\/#\/schema\/logo\/image\/\",\"url\":\"https:\/\/metooschools.com\/wp-content\/uploads\/2024\/12\/cropped-mt-schools.png\",\"contentUrl\":\"https:\/\/metooschools.com\/wp-content\/uploads\/2024\/12\/cropped-mt-schools.png\",\"width\":512,\"height\":512,\"caption\":\"MeTooSchools\"},\"image\":{\"@id\":\"https:\/\/metooschools.com\/#\/schema\/logo\/image\/\"}}]}<\/script>\n<!-- \/ Yoast SEO plugin. -->","yoast_head_json":{"title":"Science and Resources - MeTooSchools","robots":{"index":"index","follow":"follow","max-snippet":"max-snippet:-1","max-image-preview":"max-image-preview:large","max-video-preview":"max-video-preview:-1"},"canonical":"https:\/\/metooschools.com\/index.php\/science-and-resources\/","og_locale":"en_US","og_type":"article","og_title":"Science and Resources - MeTooSchools","og_description":"L&#8217;Entrellat 8 out of 10 young people say they have suffered situations of digital gender violence27\/11\/2024 Transcription and translation of an excerpt from the program: Samanta Villar: She is with us Ane Lopez, she is a researcher and professor at UB, who was a victim of digital gender violence. Good morning. And we are also...","og_url":"https:\/\/metooschools.com\/index.php\/science-and-resources\/","og_site_name":"MeTooSchools","article_modified_time":"2025-07-13T21:53:01+00:00","og_image":[{"width":1756,"height":826,"url":"https:\/\/metooschools.com\/wp-content\/uploads\/2025\/03\/Captura-de-pantalla-2025-03-26-a-las-16.20.12.png","type":"image\/png"}],"twitter_card":"summary_large_image","twitter_misc":{"Est. reading time":"7 minutes"},"schema":{"@context":"https:\/\/schema.org","@graph":[{"@type":"WebPage","@id":"https:\/\/metooschools.com\/index.php\/science-and-resources\/","url":"https:\/\/metooschools.com\/index.php\/science-and-resources\/","name":"Science and Resources - MeTooSchools","isPartOf":{"@id":"https:\/\/metooschools.com\/#website"},"primaryImageOfPage":{"@id":"https:\/\/metooschools.com\/index.php\/science-and-resources\/#primaryimage"},"image":{"@id":"https:\/\/metooschools.com\/index.php\/science-and-resources\/#primaryimage"},"thumbnailUrl":"https:\/\/metooschools.com\/wp-content\/uploads\/2025\/03\/Captura-de-pantalla-2025-03-26-a-las-16.20.12-1024x482.png","datePublished":"2024-12-16T23:33:10+00:00","dateModified":"2025-07-13T21:53:01+00:00","breadcrumb":{"@id":"https:\/\/metooschools.com\/index.php\/science-and-resources\/#breadcrumb"},"inLanguage":"en-US","potentialAction":[{"@type":"ReadAction","target":["https:\/\/metooschools.com\/index.php\/science-and-resources\/"]}]},{"@type":"ImageObject","inLanguage":"en-US","@id":"https:\/\/metooschools.com\/index.php\/science-and-resources\/#primaryimage","url":"https:\/\/metooschools.com\/wp-content\/uploads\/2025\/03\/Captura-de-pantalla-2025-03-26-a-las-16.20.12.png","contentUrl":"https:\/\/metooschools.com\/wp-content\/uploads\/2025\/03\/Captura-de-pantalla-2025-03-26-a-las-16.20.12.png","width":1756,"height":826},{"@type":"BreadcrumbList","@id":"https:\/\/metooschools.com\/index.php\/science-and-resources\/#breadcrumb","itemListElement":[{"@type":"ListItem","position":1,"name":"Home","item":"https:\/\/metooschools.com\/"},{"@type":"ListItem","position":2,"name":"Science and Resources"}]},{"@type":"WebSite","@id":"https:\/\/metooschools.com\/#website","url":"https:\/\/metooschools.com\/","name":"MeTooSchools","description":"","publisher":{"@id":"https:\/\/metooschools.com\/#organization"},"potentialAction":[{"@type":"SearchAction","target":{"@type":"EntryPoint","urlTemplate":"https:\/\/metooschools.com\/?s={search_term_string}"},"query-input":{"@type":"PropertyValueSpecification","valueRequired":true,"valueName":"search_term_string"}}],"inLanguage":"en-US"},{"@type":"Organization","@id":"https:\/\/metooschools.com\/#organization","name":"MeTooSchools","url":"https:\/\/metooschools.com\/","logo":{"@type":"ImageObject","inLanguage":"en-US","@id":"https:\/\/metooschools.com\/#\/schema\/logo\/image\/","url":"https:\/\/metooschools.com\/wp-content\/uploads\/2024\/12\/cropped-mt-schools.png","contentUrl":"https:\/\/metooschools.com\/wp-content\/uploads\/2024\/12\/cropped-mt-schools.png","width":512,"height":512,"caption":"MeTooSchools"},"image":{"@id":"https:\/\/metooschools.com\/#\/schema\/logo\/image\/"}}]}},"_links":{"self":[{"href":"https:\/\/metooschools.com\/index.php\/wp-json\/wp\/v2\/pages\/14","targetHints":{"allow":["GET"]}}],"collection":[{"href":"https:\/\/metooschools.com\/index.php\/wp-json\/wp\/v2\/pages"}],"about":[{"href":"https:\/\/metooschools.com\/index.php\/wp-json\/wp\/v2\/types\/page"}],"author":[{"embeddable":true,"href":"https:\/\/metooschools.com\/index.php\/wp-json\/wp\/v2\/users\/1"}],"replies":[{"embeddable":true,"href":"https:\/\/metooschools.com\/index.php\/wp-json\/wp\/v2\/comments?post=14"}],"version-history":[{"count":19,"href":"https:\/\/metooschools.com\/index.php\/wp-json\/wp\/v2\/pages\/14\/revisions"}],"predecessor-version":[{"id":184,"href":"https:\/\/metooschools.com\/index.php\/wp-json\/wp\/v2\/pages\/14\/revisions\/184"}],"wp:attachment":[{"href":"https:\/\/metooschools.com\/index.php\/wp-json\/wp\/v2\/media?parent=14"}],"curies":[{"name":"wp","href":"https:\/\/api.w.org\/{rel}","templated":true}]}}